{"id":49919,"date":"2024-01-29T17:40:43","date_gmt":"2024-01-29T16:40:43","guid":{"rendered":"https:\/\/juanjosuarez.life\/?page_id=49919"},"modified":"2024-03-07T15:14:44","modified_gmt":"2024-03-07T20:14:44","slug":"proximos-eventos","status":"publish","type":"page","link":"https:\/\/juanjosuarez.life\/en\/proximos-eventos\/","title":{"rendered":"Pr\u00f3ximos Evento"},"content":{"rendered":"<div class=\"wpb-content-wrapper\"><div class=\"vc_row wpb_row vc_row-fluid vc_custom_1709047338319\">\n\t\t<div class=\"column-padding-responsive wpb_column vc_column_container vc_col-sm-4\"><div class=\"vc_column-inner\"><div class=\"wpb_wrapper\">\n\t<div  class=\"wpb_single_image wpb_content_element vc_align_left   img-event\">\n\t\t\n\t\t<figure class=\"wpb_wrapper vc_figure\">\n\t\t\t<div class=\"vc_single_image-wrapper   vc_box_border_grey\"><img fetchpriority=\"high\" decoding=\"async\" width=\"500\" height=\"380\" src=\"https:\/\/juanjosuarez.life\/wp-content\/uploads\/2024\/01\/peso.webp\" class=\"vc_single_image-img attachment-full\" alt=\"\" title=\"peso\" srcset=\"https:\/\/juanjosuarez.life\/wp-content\/uploads\/2024\/01\/peso.webp 500w, https:\/\/juanjosuarez.life\/wp-content\/uploads\/2024\/01\/peso-300x228.webp 300w\" sizes=\"(max-width: 500px) 100vw, 500px\" \/><\/div>\n\t\t<\/figure>\n\t<\/div>\n<div class=\"vc_custom_heading title-events text_align_left\" ><h2 style=\"text-align: left\" class=\"masterstudy-custom-title\">EL PESO DE LOS JUICIOS<\/h2><\/div>\n\t<div class=\"wpb_text_column wpb_content_element  description-events\" >\n\t\t<div class=\"wpb_wrapper\">\n\t\t\t<p><span class=\"time-events-purple\"><strong>CUANDO<\/strong><\/span><br \/>\nS\u00c1B, 15 JUL I 8H30<\/p>\n\n\t\t<\/div>\n\t<\/div>\n\n\t<div class=\"wpb_text_column wpb_content_element  description-events\" >\n\t\t<div class=\"wpb_wrapper\">\n\t\t\t<p><span class=\"time-events-purple\"><strong>DURACI\u00d3N<\/strong><\/span><br \/>\n1 HORA\u00a0 30 MIN.<\/p>\n\n\t\t<\/div>\n\t<\/div>\n<\/div><\/div><\/div><div class=\"column-padding-responsive wpb_column vc_column_container vc_col-sm-4\"><div class=\"vc_column-inner\"><div class=\"wpb_wrapper\">\n\t<div  class=\"wpb_single_image wpb_content_element vc_align_left   img-event\">\n\t\t\n\t\t<figure class=\"wpb_wrapper vc_figure\">\n\t\t\t<a href=\"https:\/\/juanjosuarez.life\/en\/webinars\/biolog\u00eda-creencia-y-energ\u00eda-de-la-hipertensi\u00f3n\/\" target=\"_blank\" class=\"vc_single_image-wrapper   vc_box_border_grey\"><img decoding=\"async\" width=\"500\" height=\"380\" src=\"https:\/\/juanjosuarez.life\/wp-content\/uploads\/2024\/01\/biologia.webp\" class=\"vc_single_image-img attachment-full\" alt=\"\" title=\"biologia\" srcset=\"https:\/\/juanjosuarez.life\/wp-content\/uploads\/2024\/01\/biologia.webp 500w, https:\/\/juanjosuarez.life\/wp-content\/uploads\/2024\/01\/biologia-300x228.webp 300w\" sizes=\"(max-width: 500px) 100vw, 500px\" \/><\/a>\n\t\t<\/figure>\n\t<\/div>\n<div class=\"vc_custom_heading title-events text_align_left\" ><h2 style=\"text-align: left\" class=\"masterstudy-custom-title\"><a href=\"https:\/\/juanjosuarez.life\/en\/webinars\/biolog\u00eda-creencia-y-energ\u00eda-de-la-ansiedad\/\">Biolog\u00eda, Creencia y Energ\u00eda de la Hipertensi\u00f3n<\/a><\/h2><\/div>\n\t<div class=\"wpb_text_column wpb_content_element  description-events\" >\n\t\t<div class=\"wpb_wrapper\">\n\t\t\t<p><span class=\"time-events-purple\"><strong>CUANDO<\/strong><\/span><br \/>\nMAR, 23 MAY I 19h30<\/p>\n\n\t\t<\/div>\n\t<\/div>\n\n\t<div class=\"wpb_text_column wpb_content_element  description-events\" >\n\t\t<div class=\"wpb_wrapper\">\n\t\t\t<p><span class=\"time-events-purple\"><strong>DURACI\u00d3N<\/strong><\/span><br \/>\n2 HORAS.<\/p>\n\n\t\t<\/div>\n\t<\/div>\n<\/div><\/div><\/div><div class=\"column-padding-responsive wpb_column vc_column_container vc_col-sm-4\"><div class=\"vc_column-inner\"><div class=\"wpb_wrapper\">\n\t<div  class=\"wpb_single_image wpb_content_element vc_align_left   img-event\">\n\t\t\n\t\t<figure class=\"wpb_wrapper vc_figure\">\n\t\t\t<a href=\"https:\/\/juanjosuarez.life\/en\/webinars\/biolog\u00eda-creencia-y-energ\u00eda-de-la-ansiedad\/\" target=\"_blank\" class=\"vc_single_image-wrapper   vc_box_border_grey\"><img decoding=\"async\" width=\"500\" height=\"380\" src=\"https:\/\/juanjosuarez.life\/wp-content\/uploads\/2024\/01\/ansiedad.webp\" class=\"vc_single_image-img attachment-full\" alt=\"\" title=\"ansiedad\" srcset=\"https:\/\/juanjosuarez.life\/wp-content\/uploads\/2024\/01\/ansiedad.webp 500w, https:\/\/juanjosuarez.life\/wp-content\/uploads\/2024\/01\/ansiedad-300x228.webp 300w\" sizes=\"(max-width: 500px) 100vw, 500px\" \/><\/a>\n\t\t<\/figure>\n\t<\/div>\n<div class=\"vc_custom_heading title-events text_align_left\" ><h2 style=\"text-align: left\" class=\"masterstudy-custom-title\"><a href=\"https:\/\/juanjosuarez.life\/en\/webinars\/biolog\u00eda-creencia-y-energ\u00eda-de-la-ansiedad\/\">Biolog\u00eda, Creencia y Energ\u00eda de la Ansiedad<\/a><\/h2><\/div>\n\t<div class=\"wpb_text_column wpb_content_element  description-events\" >\n\t\t<div class=\"wpb_wrapper\">\n\t\t\t<p><span class=\"time-events-purple\"><strong>CUANDO<\/strong><\/span><br \/>\nPR\u00d3XIMAMENTE<\/p>\n\n\t\t<\/div>\n\t<\/div>\n\n\t<div class=\"wpb_text_column wpb_content_element  description-events\" >\n\t\t<div class=\"wpb_wrapper\">\n\t\t\t<p><span class=\"time-events-purple\"><strong>DURACI\u00d3N<\/strong><\/span><br \/>\n1 HORA\u00a0 30 MIN.<\/p>\n\n\t\t<\/div>\n\t<\/div>\n<\/div><\/div><\/div><\/div>\n\n<div class=\"vc_row wpb_row vc_row-fluid\">\n\t\t<div class=\"column-padding-responsive wpb_column vc_column_container vc_col-sm-4\"><div class=\"vc_column-inner\"><div class=\"wpb_wrapper\">\n\t<div  class=\"wpb_single_image wpb_content_element vc_align_left   img-event\">\n\t\t\n\t\t<figure class=\"wpb_wrapper vc_figure\">\n\t\t\t<a href=\"https:\/\/juanjosuarez.life\/en\/webinars\/la-qu\u00edmica-de-la-felicidad\/\" target=\"_self\" class=\"vc_single_image-wrapper   vc_box_border_grey\"><img loading=\"lazy\" decoding=\"async\" width=\"500\" height=\"380\" src=\"https:\/\/juanjosuarez.life\/wp-content\/uploads\/2024\/01\/felicidad.webp\" class=\"vc_single_image-img attachment-full\" alt=\"\" title=\"felicidad\" srcset=\"https:\/\/juanjosuarez.life\/wp-content\/uploads\/2024\/01\/felicidad.webp 500w, https:\/\/juanjosuarez.life\/wp-content\/uploads\/2024\/01\/felicidad-300x228.webp 300w, https:\/\/juanjosuarez.life\/wp-content\/uploads\/2024\/01\/felicidad-16x12.webp 16w\" sizes=\"(max-width: 500px) 100vw, 500px\" \/><\/a>\n\t\t<\/figure>\n\t<\/div>\n<div class=\"vc_custom_heading title-events text_align_left\" ><h2 style=\"text-align: left\" class=\"masterstudy-custom-title\"><a href=\"https:\/\/juanjosuarez.life\/en\/webinars\/la-qu\u00edmica-de-la-felicidad\/\">La qu\u00edmica de la felicidad<\/a><\/h2><\/div>\n\t<div class=\"wpb_text_column wpb_content_element  description-events\" >\n\t\t<div class=\"wpb_wrapper\">\n\t\t\t<p><span class=\"time-events-purple\"><strong>CUANDO<\/strong><\/span><br \/>\nPROXIMAMENTE<\/p>\n\n\t\t<\/div>\n\t<\/div>\n\n\t<div class=\"wpb_text_column wpb_content_element  description-events\" >\n\t\t<div class=\"wpb_wrapper\">\n\t\t\t<p><span class=\"time-events-purple\"><strong>DURACI\u00d3N<\/strong><\/span><br \/>\n1 HORA\u00a0 30 MIN.<\/p>\n\n\t\t<\/div>\n\t<\/div>\n<\/div><\/div><\/div><\/div>\n\n<div class=\"vc_row wpb_row vc_row-fluid\">\n\t\t<div class=\"wpb_column vc_column_container vc_col-sm-12\"><div class=\"vc_column-inner\"><div class=\"wpb_wrapper\">\n<div class=\"a224a9d1d2a5510525f714cdbecd1fd40 vc_empty_space\"\n         style=\"height: 48px\" >\n    <span class=\"vc_empty_space_inner\"><\/span>\n<\/div>\n\n\t<div class=\"wpb_text_column wpb_content_element\" >\n\t\t<div class=\"wpb_wrapper\">\n\t\t\t<h2 class=\"masterstudy-custom-title\" style=\"text-align: center;\"><span style=\"color: #9161cb;\">Eventos<\/span> <span style=\"color: #012967;\">Realizados<\/span><\/h2>\n\n\t\t<\/div>\n\t<\/div>\n<\/div><\/div><\/div><\/div>\n\n<div class=\"vc_row wpb_row vc_row-fluid\">\n\t\t<div class=\"column-padding-responsive wpb_column vc_column_container vc_col-sm-4\"><div class=\"vc_column-inner\"><div class=\"wpb_wrapper\">\n\t<div  class=\"wpb_single_image wpb_content_element vc_align_left   img-event\">\n\t\t\n\t\t<figure class=\"wpb_wrapper vc_figure\">\n\t\t\t<a href=\"https:\/\/juanjosuarez.life\/en\/webinars\/respirando\/\" target=\"_blank\" class=\"vc_single_image-wrapper   vc_box_border_grey\"><img loading=\"lazy\" decoding=\"async\" width=\"768\" height=\"584\" src=\"https:\/\/juanjosuarez.life\/wp-content\/uploads\/2024\/01\/respirando.webp\" class=\"vc_single_image-img attachment-full\" alt=\"\" title=\"respirando\" srcset=\"https:\/\/juanjosuarez.life\/wp-content\/uploads\/2024\/01\/respirando.webp 768w, https:\/\/juanjosuarez.life\/wp-content\/uploads\/2024\/01\/respirando-300x228.webp 300w, https:\/\/juanjosuarez.life\/wp-content\/uploads\/2024\/01\/respirando-600x456.webp 600w\" sizes=\"(max-width: 768px) 100vw, 768px\" \/><\/a>\n\t\t<\/figure>\n\t<\/div>\n<div class=\"vc_custom_heading title-events text_align_left\" ><h2 style=\"text-align: left\" class=\"masterstudy-custom-title\"><a href=\"https:\/\/juanjosuarez.life\/en\/webinars\/respirando\/\">Respirando<\/a><\/h2><\/div>\n\t<div class=\"wpb_text_column wpb_content_element  description-events\" >\n\t\t<div class=\"wpb_wrapper\">\n\t\t\t<p><span class=\"time-events-purple\"><strong>CUANDO<\/strong><\/span><br \/>\nMI\u00c9R. 23 NOV. | 19H30<\/p>\n\n\t\t<\/div>\n\t<\/div>\n\n\t<div class=\"wpb_text_column wpb_content_element  description-events\" >\n\t\t<div class=\"wpb_wrapper\">\n\t\t\t<p><span class=\"time-events-purple\"><strong>DURACI\u00d3N<\/strong><\/span><br \/>\n1 HORA\u00a0 30 MIN.<\/p>\n\n\t\t<\/div>\n\t<\/div>\n<\/div><\/div><\/div><div class=\"column-padding-responsive wpb_column vc_column_container vc_col-sm-4\"><div class=\"vc_column-inner\"><div class=\"wpb_wrapper\">\n\t<div  class=\"wpb_single_image wpb_content_element vc_align_left   img-event\">\n\t\t\n\t\t<figure class=\"wpb_wrapper vc_figure\">\n\t\t\t<a href=\"https:\/\/juanjosuarez.life\/en\/webinars\/limites-para-tu-salud-y-bienestar\/\" target=\"_blank\" class=\"vc_single_image-wrapper   vc_box_border_grey\"><img loading=\"lazy\" decoding=\"async\" width=\"768\" height=\"584\" src=\"https:\/\/juanjosuarez.life\/wp-content\/uploads\/2024\/01\/limites.webp\" class=\"vc_single_image-img attachment-full\" alt=\"\" title=\"limites\" srcset=\"https:\/\/juanjosuarez.life\/wp-content\/uploads\/2024\/01\/limites.webp 768w, https:\/\/juanjosuarez.life\/wp-content\/uploads\/2024\/01\/limites-300x228.webp 300w, https:\/\/juanjosuarez.life\/wp-content\/uploads\/2024\/01\/limites-600x456.webp 600w\" sizes=\"(max-width: 768px) 100vw, 768px\" \/><\/a>\n\t\t<\/figure>\n\t<\/div>\n<div class=\"vc_custom_heading title-events text_align_left\" ><h2 style=\"text-align: left\" class=\"masterstudy-custom-title\"><a href=\"https:\/\/juanjosuarez.life\/en\/webinars\/limites-para-tu-salud-y-bienestar\/\">L\u00edmites para tu salud y bienestar<\/a><\/h2><\/div>\n\t<div class=\"wpb_text_column wpb_content_element  description-events\" >\n\t\t<div class=\"wpb_wrapper\">\n\t\t\t<p><span class=\"time-events-purple\"><strong>CUANDO<\/strong><\/span><br \/>\nMI\u00c9R. 14 DIC. | 19H30<\/p>\n\n\t\t<\/div>\n\t<\/div>\n\n\t<div class=\"wpb_text_column wpb_content_element  description-events\" >\n\t\t<div class=\"wpb_wrapper\">\n\t\t\t<p><span class=\"time-events-purple\"><strong>DURACI\u00d3N<\/strong><\/span><br \/>\n2 HORAS.<\/p>\n\n\t\t<\/div>\n\t<\/div>\n<\/div><\/div><\/div><div class=\"column-padding-responsive wpb_column vc_column_container vc_col-sm-4\"><div class=\"vc_column-inner\"><div class=\"wpb_wrapper\">\n\t<div  class=\"wpb_single_image wpb_content_element vc_align_left   img-event\">\n\t\t\n\t\t<figure class=\"wpb_wrapper vc_figure\">\n\t\t\t<a href=\"https:\/\/juanjosuarez.life\/en\/webinars\/biolog\u00eda-creencia-y-energ\u00eda-de-la-diabetes\/\" target=\"_blank\" class=\"vc_single_image-wrapper   vc_box_border_grey\"><img loading=\"lazy\" decoding=\"async\" class=\"vc_single_image-img\" src=\"https:\/\/juanjosuarez.life\/wp-content\/uploads\/2024\/01\/creencia.webp\" width=\"784\" height=\"596\" alt=\"creencia\" title=\"creencia\" \/><\/a>\n\t\t<\/figure>\n\t<\/div>\n<div class=\"vc_custom_heading title-events text_align_left\" ><h2 style=\"text-align: left\" class=\"masterstudy-custom-title\"><a href=\"https:\/\/juanjosuarez.life\/en\/webinars\/biolog\u00eda-creencia-y-energ\u00eda-de-la-diabetes\/\">Biolog\u00eda creencia y energ\u00eda de la fibromi\u00e1lgia<\/a><\/h2><\/div>\n\t<div class=\"wpb_text_column wpb_content_element  description-events\" >\n\t\t<div class=\"wpb_wrapper\">\n\t\t\t<p><span class=\"time-events-purple\"><strong>CUANDO<\/strong><\/span><br \/>\nMAR. 30 MAR. | 19H30<\/p>\n\n\t\t<\/div>\n\t<\/div>\n\n\t<div class=\"wpb_text_column wpb_content_element  description-events\" >\n\t\t<div class=\"wpb_wrapper\">\n\t\t\t<p><span class=\"time-events-purple\"><strong>DURACI\u00d3N<\/strong><\/span><br \/>\n2 HORAS.<\/p>\n\n\t\t<\/div>\n\t<\/div>\n<\/div><\/div><\/div><\/div>\n\n<div class=\"vc_row wpb_row vc_row-fluid\">\n\t\t<div class=\"column-padding-responsive wpb_column vc_column_container vc_col-sm-4\"><div class=\"vc_column-inner\"><div class=\"wpb_wrapper\">\n\t<div  class=\"wpb_single_image wpb_content_element vc_align_left   img-event\">\n\t\t\n\t\t<figure class=\"wpb_wrapper vc_figure\">\n\t\t\t<a href=\"https:\/\/juanjosuarez.life\/en\/webinars\/origenes-de-la-personalidad\/\" target=\"_blank\" class=\"vc_single_image-wrapper   vc_box_border_grey\"><img loading=\"lazy\" decoding=\"async\" width=\"1536\" height=\"1167\" src=\"https:\/\/juanjosuarez.life\/wp-content\/uploads\/2024\/01\/origenes.webp\" class=\"vc_single_image-img attachment-full\" alt=\"\" title=\"or\u00edgenes\" srcset=\"https:\/\/juanjosuarez.life\/wp-content\/uploads\/2024\/01\/origenes.webp 1536w, https:\/\/juanjosuarez.life\/wp-content\/uploads\/2024\/01\/origenes-300x228.webp 300w, https:\/\/juanjosuarez.life\/wp-content\/uploads\/2024\/01\/origenes-1024x778.webp 1024w, https:\/\/juanjosuarez.life\/wp-content\/uploads\/2024\/01\/origenes-768x584.webp 768w, https:\/\/juanjosuarez.life\/wp-content\/uploads\/2024\/01\/origenes-600x456.webp 600w\" sizes=\"(max-width: 1536px) 100vw, 1536px\" \/><\/a>\n\t\t<\/figure>\n\t<\/div>\n<div class=\"vc_custom_heading title-events text_align_left\" ><h2 style=\"text-align: left\" class=\"masterstudy-custom-title\"><a href=\"https:\/\/juanjosuarez.life\/en\/webinars\/origenes-de-la-personalidad\/\">Origenes de la personalidad<\/a><\/h2><\/div>\n\t<div class=\"wpb_text_column wpb_content_element  description-events\" >\n\t\t<div class=\"wpb_wrapper\">\n\t\t\t<p><span class=\"time-events-purple\"><strong>CUANDO<\/strong><\/span><br \/>\nMAR. 14 MAR. | 19H30<\/p>\n\n\t\t<\/div>\n\t<\/div>\n\n\t<div class=\"wpb_text_column wpb_content_element  description-events\" >\n\t\t<div class=\"wpb_wrapper\">\n\t\t\t<p><span class=\"time-events-purple\"><strong>DURACI\u00d3N<\/strong><\/span><br \/>\n1 HORA\u00a0 30 MIN.<\/p>\n\n\t\t<\/div>\n\t<\/div>\n<\/div><\/div><\/div><\/div>\n<\/div>","protected":false},"excerpt":{"rendered":"EL PESO DE LOS JUICIOS CUANDO S\u00c1B, 15 JUL I 8H30 DURACI\u00d3N 1 HORA\u00a0 30 MIN. Biolog\u00eda, Creencia y Energ\u00eda de la Hipertensi\u00f3n CUANDO MAR, 23 MAY I 19h30 DURACI\u00d3N 2 HORAS. Biolog\u00eda, Creencia y Energ\u00eda de la Ansiedad CUANDO PR\u00d3XIMAMENTE DURACI\u00d3N 1 HORA\u00a0 30 MIN. La qu\u00edmica de la felicidad CUANDO PROXIMAMENTE DURACI\u00d3N 1 [...]","protected":false},"author":1,"featured_media":0,"parent":0,"menu_order":0,"comment_status":"closed","ping_status":"closed","template":"","meta":{"_acf_changed":false,"pmpro_default_level":0,"footnotes":""},"class_list":["post-49919","page","type-page","status-publish","hentry","pmpro-has-access"],"acf":[],"yoast_head":"<!-- This site is optimized with the Yoast SEO plugin v22.2 - https:\/\/yoast.com\/wordpress\/plugins\/seo\/ -->\n<title>Pr\u00f3ximos Evento - Juanjo Su\u00e1rez<\/title>\n<meta name=\"robots\" content=\"index, follow, max-snippet:-1, max-image-preview:large, max-video-preview:-1\" \/>\n<link rel=\"canonical\" href=\"https:\/\/juanjosuarez.life\/en\/proximos-eventos\/\" \/>\n<meta property=\"og:locale\" content=\"en_GB\" \/>\n<meta property=\"og:type\" content=\"article\" \/>\n<meta property=\"og:title\" content=\"Pr\u00f3ximos Evento - Juanjo Su\u00e1rez\" \/>\n<meta property=\"og:url\" content=\"https:\/\/juanjosuarez.life\/en\/proximos-eventos\/\" \/>\n<meta property=\"og:site_name\" content=\"Juanjo Su\u00e1rez\" \/>\n<meta property=\"article:modified_time\" content=\"2024-03-07T20:14:44+00:00\" \/>\n<meta property=\"og:image\" content=\"https:\/\/juanjosuarez.life\/wp-content\/uploads\/2024\/03\/logo-footer-1.jpg\" \/>\n\t<meta property=\"og:image:width\" content=\"542\" \/>\n\t<meta property=\"og:image:height\" content=\"368\" \/>\n\t<meta property=\"og:image:type\" content=\"image\/jpeg\" \/>\n<meta name=\"twitter:card\" content=\"summary_large_image\" \/>\n<script type=\"application\/ld+json\" class=\"yoast-schema-graph\">{\"@context\":\"https:\/\/schema.org\",\"@graph\":[{\"@type\":\"WebPage\",\"@id\":\"https:\/\/juanjosuarez.life\/en\/proximos-eventos\/\",\"url\":\"https:\/\/juanjosuarez.life\/en\/proximos-eventos\/\",\"name\":\"Pr\u00f3ximos Evento - Juanjo Su\u00e1rez\",\"isPartOf\":{\"@id\":\"https:\/\/juanjosuarez.life\/en\/#website\"},\"datePublished\":\"2024-01-29T16:40:43+00:00\",\"dateModified\":\"2024-03-07T20:14:44+00:00\",\"breadcrumb\":{\"@id\":\"https:\/\/juanjosuarez.life\/en\/proximos-eventos\/#breadcrumb\"},\"inLanguage\":\"en-GB\",\"potentialAction\":[{\"@type\":\"ReadAction\",\"target\":[\"https:\/\/juanjosuarez.life\/en\/proximos-eventos\/\"]}]},{\"@type\":\"BreadcrumbList\",\"@id\":\"https:\/\/juanjosuarez.life\/en\/proximos-eventos\/#breadcrumb\",\"itemListElement\":[{\"@type\":\"ListItem\",\"position\":1,\"name\":\"Juanjo Su\u00e1rez\",\"item\":\"https:\/\/juanjosuarez.life\/en\/\"},{\"@type\":\"ListItem\",\"position\":2,\"name\":\"Pr\u00f3ximos Evento\"}]},{\"@type\":\"WebSite\",\"@id\":\"https:\/\/juanjosuarez.life\/en\/#website\",\"url\":\"https:\/\/juanjosuarez.life\/en\/\",\"name\":\"Juanjo Su\u00e1rez\",\"description\":\"Juan Jos\u00e9 Su\u00e1rez Vinueza, o Juanjo, como fui conocido desde mi infancia, nacido en Cuenca-Ecuador. Mi formaci\u00f3n me hacia pensar el cuerpo como la estructura que nos dirige. A los 33 a\u00f1os, entr\u00e9 en el camino del desarrollo personal, por una invitaci\u00f3n de la vida para corregir \u00e1reas de mi vida con las que no estaba conforme. Y pude descubrir que para recuperar tu salud, primero tienes que recuperarte a ti mismo. Fisioterapeuta de profesi\u00f3n, llevo ejerciendo desde el a\u00f1o 2007, tiempo en el que me he ido formado y capacitando para dar cada vez un mejor servicio a la comunidad.\",\"potentialAction\":[{\"@type\":\"SearchAction\",\"target\":{\"@type\":\"EntryPoint\",\"urlTemplate\":\"https:\/\/juanjosuarez.life\/en\/?s={search_term_string}\"},\"query-input\":\"required name=search_term_string\"}],\"inLanguage\":\"en-GB\"}]}<\/script>\n<!-- \/ Yoast SEO plugin. -->","yoast_head_json":{"title":"Pr\u00f3ximos Evento - Juanjo Su\u00e1rez","robots":{"index":"index","follow":"follow","max-snippet":"max-snippet:-1","max-image-preview":"max-image-preview:large","max-video-preview":"max-video-preview:-1"},"canonical":"https:\/\/juanjosuarez.life\/en\/proximos-eventos\/","og_locale":"en_GB","og_type":"article","og_title":"Pr\u00f3ximos Evento - Juanjo Su\u00e1rez","og_url":"https:\/\/juanjosuarez.life\/en\/proximos-eventos\/","og_site_name":"Juanjo Su\u00e1rez","article_modified_time":"2024-03-07T20:14:44+00:00","og_image":[{"width":542,"height":368,"url":"https:\/\/juanjosuarez.life\/wp-content\/uploads\/2024\/03\/logo-footer-1.jpg","type":"image\/jpeg"}],"twitter_card":"summary_large_image","schema":{"@context":"https:\/\/schema.org","@graph":[{"@type":"WebPage","@id":"https:\/\/juanjosuarez.life\/en\/proximos-eventos\/","url":"https:\/\/juanjosuarez.life\/en\/proximos-eventos\/","name":"Pr\u00f3ximos Evento - Juanjo Su\u00e1rez","isPartOf":{"@id":"https:\/\/juanjosuarez.life\/en\/#website"},"datePublished":"2024-01-29T16:40:43+00:00","dateModified":"2024-03-07T20:14:44+00:00","breadcrumb":{"@id":"https:\/\/juanjosuarez.life\/en\/proximos-eventos\/#breadcrumb"},"inLanguage":"en-GB","potentialAction":[{"@type":"ReadAction","target":["https:\/\/juanjosuarez.life\/en\/proximos-eventos\/"]}]},{"@type":"BreadcrumbList","@id":"https:\/\/juanjosuarez.life\/en\/proximos-eventos\/#breadcrumb","itemListElement":[{"@type":"ListItem","position":1,"name":"Juanjo Su\u00e1rez","item":"https:\/\/juanjosuarez.life\/en\/"},{"@type":"ListItem","position":2,"name":"Pr\u00f3ximos Evento"}]},{"@type":"WebSite","@id":"https:\/\/juanjosuarez.life\/en\/#website","url":"https:\/\/juanjosuarez.life\/en\/","name":"Juanjo Su\u00e1rez","description":"Juan Jos\u00e9 Su\u00e1rez Vinueza, o Juanjo, como fui conocido desde mi infancia, nacido en Cuenca-Ecuador. Mi formaci\u00f3n me hacia pensar el cuerpo como la estructura que nos dirige. A los 33 a\u00f1os, entr\u00e9 en el camino del desarrollo personal, por una invitaci\u00f3n de la vida para corregir \u00e1reas de mi vida con las que no estaba conforme. Y pude descubrir que para recuperar tu salud, primero tienes que recuperarte a ti mismo. Fisioterapeuta de profesi\u00f3n, llevo ejerciendo desde el a\u00f1o 2007, tiempo en el que me he ido formado y capacitando para dar cada vez un mejor servicio a la comunidad.","potentialAction":[{"@type":"SearchAction","target":{"@type":"EntryPoint","urlTemplate":"https:\/\/juanjosuarez.life\/en\/?s={search_term_string}"},"query-input":"required name=search_term_string"}],"inLanguage":"en-GB"}]}},"_links":{"self":[{"href":"https:\/\/juanjosuarez.life\/en\/wp-json\/wp\/v2\/pages\/49919","targetHints":{"allow":["GET"]}}],"collection":[{"href":"https:\/\/juanjosuarez.life\/en\/wp-json\/wp\/v2\/pages"}],"about":[{"href":"https:\/\/juanjosuarez.life\/en\/wp-json\/wp\/v2\/types\/page"}],"author":[{"embeddable":true,"href":"https:\/\/juanjosuarez.life\/en\/wp-json\/wp\/v2\/users\/1"}],"replies":[{"embeddable":true,"href":"https:\/\/juanjosuarez.life\/en\/wp-json\/wp\/v2\/comments?post=49919"}],"version-history":[{"count":28,"href":"https:\/\/juanjosuarez.life\/en\/wp-json\/wp\/v2\/pages\/49919\/revisions"}],"predecessor-version":[{"id":52124,"href":"https:\/\/juanjosuarez.life\/en\/wp-json\/wp\/v2\/pages\/49919\/revisions\/52124"}],"wp:attachment":[{"href":"https:\/\/juanjosuarez.life\/en\/wp-json\/wp\/v2\/media?parent=49919"}],"curies":[{"name":"wp","href":"https:\/\/api.w.org\/{rel}","templated":true}]}}