{"id":49945,"date":"2024-01-29T18:42:02","date_gmt":"2024-01-29T17:42:02","guid":{"rendered":"https:\/\/juanjosuarez.life\/?page_id=49945"},"modified":"2024-01-29T18:46:02","modified_gmt":"2024-01-29T17:46:02","slug":"talleres-y-cursos","status":"publish","type":"page","link":"https:\/\/juanjosuarez.life\/en\/talleres-y-cursos\/","title":{"rendered":"Talleres y cursos <span class=\"other-color\">inspirados en ti<\/span>"},"content":{"rendered":"<div class=\"wpb-content-wrapper\">\n<div class=\"vc_row wpb_row vc_row-fluid d-none\">\n\t\t<div class=\"wpb_column vc_column_container vc_col-sm-12\"><div class=\"vc_column-inner\"><div class=\"wpb_wrapper\">\n\t<div class=\"wpb_raw_code wpb_content_element wpb_raw_html\" >\n\t\t<div class=\"wpb_wrapper\">\n\t\t\t<script> \n\/\/console.log(\"hola\");\njQuery(\".entry-title h1\").html(\"Talleres y cursos <span style='color:#9161CB;'>inspirados en ti<\/span>\")\n\n <\/script>\n\n\t\t<\/div>\n\t<\/div>\n<\/div><\/div><\/div><\/div>\n\n<\/div>","protected":false},"excerpt":{"rendered":"","protected":false},"author":1,"featured_media":0,"parent":0,"menu_order":0,"comment_status":"closed","ping_status":"closed","template":"","meta":{"_acf_changed":false,"pmpro_default_level":0,"footnotes":""},"class_list":["post-49945","page","type-page","status-publish","hentry","pmpro-has-access"],"acf":[],"yoast_head":"<!-- This site is optimized with the Yoast SEO plugin v22.2 - https:\/\/yoast.com\/wordpress\/plugins\/seo\/ -->\n<title>Talleres y cursos inspirados en ti - Juanjo Su\u00e1rez<\/title>\n<meta name=\"robots\" content=\"index, follow, max-snippet:-1, max-image-preview:large, max-video-preview:-1\" \/>\n<link rel=\"canonical\" href=\"https:\/\/juanjosuarez.life\/en\/talleres-y-cursos\/\" \/>\n<meta property=\"og:locale\" content=\"en_GB\" \/>\n<meta property=\"og:type\" content=\"article\" \/>\n<meta property=\"og:title\" content=\"Talleres y cursos inspirados en ti - Juanjo Su\u00e1rez\" \/>\n<meta property=\"og:url\" content=\"https:\/\/juanjosuarez.life\/en\/talleres-y-cursos\/\" \/>\n<meta property=\"og:site_name\" content=\"Juanjo Su\u00e1rez\" \/>\n<meta property=\"article:modified_time\" content=\"2024-01-29T17:46:02+00:00\" \/>\n<meta property=\"og:image\" content=\"https:\/\/juanjosuarez.life\/wp-content\/uploads\/2024\/03\/logo-footer-1.jpg\" \/>\n\t<meta property=\"og:image:width\" content=\"542\" \/>\n\t<meta property=\"og:image:height\" content=\"368\" \/>\n\t<meta property=\"og:image:type\" content=\"image\/jpeg\" \/>\n<meta name=\"twitter:card\" content=\"summary_large_image\" \/>\n<script type=\"application\/ld+json\" class=\"yoast-schema-graph\">{\"@context\":\"https:\/\/schema.org\",\"@graph\":[{\"@type\":\"WebPage\",\"@id\":\"https:\/\/juanjosuarez.life\/en\/talleres-y-cursos\/\",\"url\":\"https:\/\/juanjosuarez.life\/en\/talleres-y-cursos\/\",\"name\":\"Talleres y cursos inspirados en ti - Juanjo Su\u00e1rez\",\"isPartOf\":{\"@id\":\"https:\/\/juanjosuarez.life\/en\/#website\"},\"datePublished\":\"2024-01-29T17:42:02+00:00\",\"dateModified\":\"2024-01-29T17:46:02+00:00\",\"breadcrumb\":{\"@id\":\"https:\/\/juanjosuarez.life\/en\/talleres-y-cursos\/#breadcrumb\"},\"inLanguage\":\"en-GB\",\"potentialAction\":[{\"@type\":\"ReadAction\",\"target\":[\"https:\/\/juanjosuarez.life\/en\/talleres-y-cursos\/\"]}]},{\"@type\":\"BreadcrumbList\",\"@id\":\"https:\/\/juanjosuarez.life\/en\/talleres-y-cursos\/#breadcrumb\",\"itemListElement\":[{\"@type\":\"ListItem\",\"position\":1,\"name\":\"Juanjo Su\u00e1rez\",\"item\":\"https:\/\/juanjosuarez.life\/en\/\"},{\"@type\":\"ListItem\",\"position\":2,\"name\":\"Talleres y cursos inspirados en ti\"}]},{\"@type\":\"WebSite\",\"@id\":\"https:\/\/juanjosuarez.life\/en\/#website\",\"url\":\"https:\/\/juanjosuarez.life\/en\/\",\"name\":\"Juanjo Su\u00e1rez\",\"description\":\"Juan Jos\u00e9 Su\u00e1rez Vinueza, o Juanjo, como fui conocido desde mi infancia, nacido en Cuenca-Ecuador. Mi formaci\u00f3n me hacia pensar el cuerpo como la estructura que nos dirige. A los 33 a\u00f1os, entr\u00e9 en el camino del desarrollo personal, por una invitaci\u00f3n de la vida para corregir \u00e1reas de mi vida con las que no estaba conforme. Y pude descubrir que para recuperar tu salud, primero tienes que recuperarte a ti mismo. Fisioterapeuta de profesi\u00f3n, llevo ejerciendo desde el a\u00f1o 2007, tiempo en el que me he ido formado y capacitando para dar cada vez un mejor servicio a la comunidad.\",\"potentialAction\":[{\"@type\":\"SearchAction\",\"target\":{\"@type\":\"EntryPoint\",\"urlTemplate\":\"https:\/\/juanjosuarez.life\/en\/?s={search_term_string}\"},\"query-input\":\"required name=search_term_string\"}],\"inLanguage\":\"en-GB\"}]}<\/script>\n<!-- \/ Yoast SEO plugin. -->","yoast_head_json":{"title":"Talleres y cursos inspirados en ti - Juanjo Su\u00e1rez","robots":{"index":"index","follow":"follow","max-snippet":"max-snippet:-1","max-image-preview":"max-image-preview:large","max-video-preview":"max-video-preview:-1"},"canonical":"https:\/\/juanjosuarez.life\/en\/talleres-y-cursos\/","og_locale":"en_GB","og_type":"article","og_title":"Talleres y cursos inspirados en ti - Juanjo Su\u00e1rez","og_url":"https:\/\/juanjosuarez.life\/en\/talleres-y-cursos\/","og_site_name":"Juanjo Su\u00e1rez","article_modified_time":"2024-01-29T17:46:02+00:00","og_image":[{"width":542,"height":368,"url":"https:\/\/juanjosuarez.life\/wp-content\/uploads\/2024\/03\/logo-footer-1.jpg","type":"image\/jpeg"}],"twitter_card":"summary_large_image","schema":{"@context":"https:\/\/schema.org","@graph":[{"@type":"WebPage","@id":"https:\/\/juanjosuarez.life\/en\/talleres-y-cursos\/","url":"https:\/\/juanjosuarez.life\/en\/talleres-y-cursos\/","name":"Talleres y cursos inspirados en ti - Juanjo Su\u00e1rez","isPartOf":{"@id":"https:\/\/juanjosuarez.life\/en\/#website"},"datePublished":"2024-01-29T17:42:02+00:00","dateModified":"2024-01-29T17:46:02+00:00","breadcrumb":{"@id":"https:\/\/juanjosuarez.life\/en\/talleres-y-cursos\/#breadcrumb"},"inLanguage":"en-GB","potentialAction":[{"@type":"ReadAction","target":["https:\/\/juanjosuarez.life\/en\/talleres-y-cursos\/"]}]},{"@type":"BreadcrumbList","@id":"https:\/\/juanjosuarez.life\/en\/talleres-y-cursos\/#breadcrumb","itemListElement":[{"@type":"ListItem","position":1,"name":"Juanjo Su\u00e1rez","item":"https:\/\/juanjosuarez.life\/en\/"},{"@type":"ListItem","position":2,"name":"Talleres y cursos inspirados en ti"}]},{"@type":"WebSite","@id":"https:\/\/juanjosuarez.life\/en\/#website","url":"https:\/\/juanjosuarez.life\/en\/","name":"Juanjo Su\u00e1rez","description":"Juan Jos\u00e9 Su\u00e1rez Vinueza, o Juanjo, como fui conocido desde mi infancia, nacido en Cuenca-Ecuador. Mi formaci\u00f3n me hacia pensar el cuerpo como la estructura que nos dirige. A los 33 a\u00f1os, entr\u00e9 en el camino del desarrollo personal, por una invitaci\u00f3n de la vida para corregir \u00e1reas de mi vida con las que no estaba conforme. Y pude descubrir que para recuperar tu salud, primero tienes que recuperarte a ti mismo. Fisioterapeuta de profesi\u00f3n, llevo ejerciendo desde el a\u00f1o 2007, tiempo en el que me he ido formado y capacitando para dar cada vez un mejor servicio a la comunidad.","potentialAction":[{"@type":"SearchAction","target":{"@type":"EntryPoint","urlTemplate":"https:\/\/juanjosuarez.life\/en\/?s={search_term_string}"},"query-input":"required name=search_term_string"}],"inLanguage":"en-GB"}]}},"_links":{"self":[{"href":"https:\/\/juanjosuarez.life\/en\/wp-json\/wp\/v2\/pages\/49945","targetHints":{"allow":["GET"]}}],"collection":[{"href":"https:\/\/juanjosuarez.life\/en\/wp-json\/wp\/v2\/pages"}],"about":[{"href":"https:\/\/juanjosuarez.life\/en\/wp-json\/wp\/v2\/types\/page"}],"author":[{"embeddable":true,"href":"https:\/\/juanjosuarez.life\/en\/wp-json\/wp\/v2\/users\/1"}],"replies":[{"embeddable":true,"href":"https:\/\/juanjosuarez.life\/en\/wp-json\/wp\/v2\/comments?post=49945"}],"version-history":[{"count":4,"href":"https:\/\/juanjosuarez.life\/en\/wp-json\/wp\/v2\/pages\/49945\/revisions"}],"predecessor-version":[{"id":49948,"href":"https:\/\/juanjosuarez.life\/en\/wp-json\/wp\/v2\/pages\/49945\/revisions\/49948"}],"wp:attachment":[{"href":"https:\/\/juanjosuarez.life\/en\/wp-json\/wp\/v2\/media?parent=49945"}],"curies":[{"name":"wp","href":"https:\/\/api.w.org\/{rel}","templated":true}]}}