{"id":51071,"date":"2024-02-20T22:10:14","date_gmt":"2024-02-20T21:10:14","guid":{"rendered":"https:\/\/juanjosuarez.life\/?post_type=product&#038;p=51071"},"modified":"2024-02-20T22:10:14","modified_gmt":"2024-02-20T21:10:14","slug":"biologia-creencia-y-energia-de-la-diabetes-2","status":"publish","type":"product","link":"https:\/\/juanjosuarez.life\/en\/producto\/biologia-creencia-y-energia-de-la-diabetes-2\/","title":{"rendered":"Biolog\u00eda, Creencia y Energ\u00eda de la Diabetes."},"content":{"rendered":"<p>En esta charla juntamos la biolog\u00eda, la psicolog\u00eda, los factores qu\u00edmicos y el Transgeneracional para que puedas comprender cuales son los factores que determinan el desequilibrio del \u201caz\u00facar\u201d en sangre. Y por su puesto que puedes hacer para manejar estos factores desde una mirada integral.<\/p>\n<p><strong>Cuando<\/strong><\/p>\n<ul>\n<li>Vienes 14 de abril I 19h30.<\/li>\n<li>Duraci\u00f3n 1 hora 30 minutos.<\/li>\n<li>Requiere inscripci\u00f3n.<\/li>\n<\/ul>\n<p><strong>Aporte<\/strong><\/p>\n<ul>\n<li>$ 10.00<\/li>\n<\/ul>\n<p><strong>Requerimientos.<\/strong><\/p>\n<ul>\n<li>Acceso a internet<\/li>\n<li>Uso de plataforma zoom.<\/li>\n<\/ul>\n<p><strong>Qu\u00e9 incluye.<\/strong><\/p>\n<ul>\n<li>Acceso a la grabaci\u00f3n del webinar.<\/li>\n<li>Cuaderno de ejercicios.<\/li>\n<li>Sesi\u00f3n de preguntas y respuestas.<\/li>\n<li>Descuento en el taller <strong>CONOCE TUS PATRONES<\/strong><\/li>\n<\/ul>\n<h3><span style=\"color: #102f65;\"><strong>Juanjo Su\u00e1rez<\/strong><\/span><\/h3>","protected":false},"excerpt":{"rendered":"<p>En esta charla juntamos la biolog\u00eda, la psicolog\u00eda, los factores qu\u00edmicos y el Transgeneracional para que puedas comprender cuales son los factores que determinan el desequilibrio del \u201caz\u00facar\u201d en sangre. Y por su puesto que puedes hacer para manejar estos factores desde una mirada integral. Cuando Vienes 14 de abril I 19h30. Duraci\u00f3n 1 hora [&hellip;]<\/p>","protected":false},"featured_media":0,"comment_status":"open","ping_status":"closed","template":"","meta":{"_acf_changed":false,"pmpro_default_level":0},"product_cat":[15],"product_tag":[],"class_list":{"0":"post-51071","1":"product","2":"type-product","3":"status-publish","5":"product_cat-sin-categorizar","6":"pmpro-has-access","8":"first","9":"instock","10":"downloadable","11":"virtual","12":"sold-individually","13":"purchasable","14":"product-type-simple"},"acf":[],"yoast_head":"<!-- This site is optimized with the Yoast SEO plugin v22.2 - https:\/\/yoast.com\/wordpress\/plugins\/seo\/ -->\n<title>Biolog\u00eda, Creencia y Energ\u00eda de la Diabetes. - Juanjo Su\u00e1rez<\/title>\n<meta name=\"robots\" content=\"index, follow, max-snippet:-1, max-image-preview:large, max-video-preview:-1\" \/>\n<link rel=\"canonical\" href=\"https:\/\/juanjosuarez.life\/en\/producto\/biologia-creencia-y-energia-de-la-diabetes-2\/\" \/>\n<meta property=\"og:locale\" content=\"en_GB\" \/>\n<meta property=\"og:type\" content=\"article\" \/>\n<meta property=\"og:title\" content=\"Biolog\u00eda, Creencia y Energ\u00eda de la Diabetes. - Juanjo Su\u00e1rez\" \/>\n<meta property=\"og:description\" content=\"En esta charla juntamos la biolog\u00eda, la psicolog\u00eda, los factores qu\u00edmicos y el Transgeneracional para que puedas comprender cuales son los factores que determinan el desequilibrio del \u201caz\u00facar\u201d en sangre. Y por su puesto que puedes hacer para manejar estos factores desde una mirada integral. Cuando Vienes 14 de abril I 19h30. Duraci\u00f3n 1 hora [&hellip;]\" \/>\n<meta property=\"og:url\" content=\"https:\/\/juanjosuarez.life\/en\/producto\/biologia-creencia-y-energia-de-la-diabetes-2\/\" \/>\n<meta property=\"og:site_name\" content=\"Juanjo Su\u00e1rez\" \/>\n<meta property=\"og:image\" content=\"https:\/\/juanjosuarez.life\/wp-content\/uploads\/2024\/03\/logo-footer-1.jpg\" \/>\n\t<meta property=\"og:image:width\" content=\"542\" \/>\n\t<meta property=\"og:image:height\" content=\"368\" \/>\n\t<meta property=\"og:image:type\" content=\"image\/jpeg\" \/>\n<meta name=\"twitter:card\" content=\"summary_large_image\" \/>\n<script type=\"application\/ld+json\" class=\"yoast-schema-graph\">{\"@context\":\"https:\/\/schema.org\",\"@graph\":[{\"@type\":\"WebPage\",\"@id\":\"https:\/\/juanjosuarez.life\/en\/producto\/biologia-creencia-y-energia-de-la-diabetes-2\/\",\"url\":\"https:\/\/juanjosuarez.life\/en\/producto\/biologia-creencia-y-energia-de-la-diabetes-2\/\",\"name\":\"Biolog\u00eda, Creencia y Energ\u00eda de la Diabetes. - Juanjo Su\u00e1rez\",\"isPartOf\":{\"@id\":\"https:\/\/juanjosuarez.life\/en\/#website\"},\"datePublished\":\"2024-02-20T21:10:14+00:00\",\"dateModified\":\"2024-02-20T21:10:14+00:00\",\"breadcrumb\":{\"@id\":\"https:\/\/juanjosuarez.life\/en\/producto\/biologia-creencia-y-energia-de-la-diabetes-2\/#breadcrumb\"},\"inLanguage\":\"en-GB\",\"potentialAction\":[{\"@type\":\"ReadAction\",\"target\":[\"https:\/\/juanjosuarez.life\/en\/producto\/biologia-creencia-y-energia-de-la-diabetes-2\/\"]}]},{\"@type\":\"BreadcrumbList\",\"@id\":\"https:\/\/juanjosuarez.life\/en\/producto\/biologia-creencia-y-energia-de-la-diabetes-2\/#breadcrumb\",\"itemListElement\":[{\"@type\":\"ListItem\",\"position\":1,\"name\":\"Juanjo Su\u00e1rez\",\"item\":\"https:\/\/juanjosuarez.life\/en\/\"},{\"@type\":\"ListItem\",\"position\":2,\"name\":\"Pr\u00f3ximos Eventos\",\"item\":\"https:\/\/juanjosuarez.life\/en\/proximo-evento\/\"},{\"@type\":\"ListItem\",\"position\":3,\"name\":\"Biolog\u00eda, Creencia y Energ\u00eda de la Diabetes.\"}]},{\"@type\":\"WebSite\",\"@id\":\"https:\/\/juanjosuarez.life\/en\/#website\",\"url\":\"https:\/\/juanjosuarez.life\/en\/\",\"name\":\"Juanjo Su\u00e1rez\",\"description\":\"Juan Jos\u00e9 Su\u00e1rez Vinueza, o Juanjo, como fui conocido desde mi infancia, nacido en Cuenca-Ecuador. Mi formaci\u00f3n me hacia pensar el cuerpo como la estructura que nos dirige. A los 33 a\u00f1os, entr\u00e9 en el camino del desarrollo personal, por una invitaci\u00f3n de la vida para corregir \u00e1reas de mi vida con las que no estaba conforme. Y pude descubrir que para recuperar tu salud, primero tienes que recuperarte a ti mismo. Fisioterapeuta de profesi\u00f3n, llevo ejerciendo desde el a\u00f1o 2007, tiempo en el que me he ido formado y capacitando para dar cada vez un mejor servicio a la comunidad.\",\"potentialAction\":[{\"@type\":\"SearchAction\",\"target\":{\"@type\":\"EntryPoint\",\"urlTemplate\":\"https:\/\/juanjosuarez.life\/en\/?s={search_term_string}\"},\"query-input\":\"required name=search_term_string\"}],\"inLanguage\":\"en-GB\"}]}<\/script>\n<!-- \/ Yoast SEO plugin. -->","yoast_head_json":{"title":"Biolog\u00eda, Creencia y Energ\u00eda de la Diabetes. - Juanjo Su\u00e1rez","robots":{"index":"index","follow":"follow","max-snippet":"max-snippet:-1","max-image-preview":"max-image-preview:large","max-video-preview":"max-video-preview:-1"},"canonical":"https:\/\/juanjosuarez.life\/en\/producto\/biologia-creencia-y-energia-de-la-diabetes-2\/","og_locale":"en_GB","og_type":"article","og_title":"Biolog\u00eda, Creencia y Energ\u00eda de la Diabetes. - Juanjo Su\u00e1rez","og_description":"En esta charla juntamos la biolog\u00eda, la psicolog\u00eda, los factores qu\u00edmicos y el Transgeneracional para que puedas comprender cuales son los factores que determinan el desequilibrio del \u201caz\u00facar\u201d en sangre. Y por su puesto que puedes hacer para manejar estos factores desde una mirada integral. Cuando Vienes 14 de abril I 19h30. Duraci\u00f3n 1 hora [&hellip;]","og_url":"https:\/\/juanjosuarez.life\/en\/producto\/biologia-creencia-y-energia-de-la-diabetes-2\/","og_site_name":"Juanjo Su\u00e1rez","og_image":[{"width":542,"height":368,"url":"https:\/\/juanjosuarez.life\/wp-content\/uploads\/2024\/03\/logo-footer-1.jpg","type":"image\/jpeg"}],"twitter_card":"summary_large_image","schema":{"@context":"https:\/\/schema.org","@graph":[{"@type":"WebPage","@id":"https:\/\/juanjosuarez.life\/en\/producto\/biologia-creencia-y-energia-de-la-diabetes-2\/","url":"https:\/\/juanjosuarez.life\/en\/producto\/biologia-creencia-y-energia-de-la-diabetes-2\/","name":"Biolog\u00eda, Creencia y Energ\u00eda de la Diabetes. - Juanjo Su\u00e1rez","isPartOf":{"@id":"https:\/\/juanjosuarez.life\/en\/#website"},"datePublished":"2024-02-20T21:10:14+00:00","dateModified":"2024-02-20T21:10:14+00:00","breadcrumb":{"@id":"https:\/\/juanjosuarez.life\/en\/producto\/biologia-creencia-y-energia-de-la-diabetes-2\/#breadcrumb"},"inLanguage":"en-GB","potentialAction":[{"@type":"ReadAction","target":["https:\/\/juanjosuarez.life\/en\/producto\/biologia-creencia-y-energia-de-la-diabetes-2\/"]}]},{"@type":"BreadcrumbList","@id":"https:\/\/juanjosuarez.life\/en\/producto\/biologia-creencia-y-energia-de-la-diabetes-2\/#breadcrumb","itemListElement":[{"@type":"ListItem","position":1,"name":"Juanjo Su\u00e1rez","item":"https:\/\/juanjosuarez.life\/en\/"},{"@type":"ListItem","position":2,"name":"Pr\u00f3ximos Eventos","item":"https:\/\/juanjosuarez.life\/en\/proximo-evento\/"},{"@type":"ListItem","position":3,"name":"Biolog\u00eda, Creencia y Energ\u00eda de la Diabetes."}]},{"@type":"WebSite","@id":"https:\/\/juanjosuarez.life\/en\/#website","url":"https:\/\/juanjosuarez.life\/en\/","name":"Juanjo Su\u00e1rez","description":"Juan Jos\u00e9 Su\u00e1rez Vinueza, o Juanjo, como fui conocido desde mi infancia, nacido en Cuenca-Ecuador. Mi formaci\u00f3n me hacia pensar el cuerpo como la estructura que nos dirige. A los 33 a\u00f1os, entr\u00e9 en el camino del desarrollo personal, por una invitaci\u00f3n de la vida para corregir \u00e1reas de mi vida con las que no estaba conforme. Y pude descubrir que para recuperar tu salud, primero tienes que recuperarte a ti mismo. Fisioterapeuta de profesi\u00f3n, llevo ejerciendo desde el a\u00f1o 2007, tiempo en el que me he ido formado y capacitando para dar cada vez un mejor servicio a la comunidad.","potentialAction":[{"@type":"SearchAction","target":{"@type":"EntryPoint","urlTemplate":"https:\/\/juanjosuarez.life\/en\/?s={search_term_string}"},"query-input":"required name=search_term_string"}],"inLanguage":"en-GB"}]}},"_links":{"self":[{"href":"https:\/\/juanjosuarez.life\/en\/wp-json\/wp\/v2\/product\/51071","targetHints":{"allow":["GET"]}}],"collection":[{"href":"https:\/\/juanjosuarez.life\/en\/wp-json\/wp\/v2\/product"}],"about":[{"href":"https:\/\/juanjosuarez.life\/en\/wp-json\/wp\/v2\/types\/product"}],"replies":[{"embeddable":true,"href":"https:\/\/juanjosuarez.life\/en\/wp-json\/wp\/v2\/comments?post=51071"}],"version-history":[{"count":1,"href":"https:\/\/juanjosuarez.life\/en\/wp-json\/wp\/v2\/product\/51071\/revisions"}],"predecessor-version":[{"id":51072,"href":"https:\/\/juanjosuarez.life\/en\/wp-json\/wp\/v2\/product\/51071\/revisions\/51072"}],"wp:attachment":[{"href":"https:\/\/juanjosuarez.life\/en\/wp-json\/wp\/v2\/media?parent=51071"}],"wp:term":[{"taxonomy":"product_cat","embeddable":true,"href":"https:\/\/juanjosuarez.life\/en\/wp-json\/wp\/v2\/product_cat?post=51071"},{"taxonomy":"product_tag","embeddable":true,"href":"https:\/\/juanjosuarez.life\/en\/wp-json\/wp\/v2\/product_tag?post=51071"}],"curies":[{"name":"wp","href":"https:\/\/api.w.org\/{rel}","templated":true}]}}