{"id":52376,"date":"2025-06-07T18:57:35","date_gmt":"2025-06-07T23:57:35","guid":{"rendered":"https:\/\/juanjosuarez.life\/?post_type=product&#038;p=52376"},"modified":"2025-07-14T12:06:39","modified_gmt":"2025-07-14T17:06:39","slug":"herencia-transgeneracional","status":"publish","type":"product","link":"https:\/\/juanjosuarez.life\/en\/producto\/herencia-transgeneracional\/","title":{"rendered":"Herencia Transgeneracional"},"content":{"rendered":"","protected":false},"excerpt":{"rendered":"<p>Tu cuerpo tiene la llave para liberar muchos patrones que est\u00e1n guardados en tu ADN, no es una cuesti\u00f3n de mente, no es algo psicol\u00f3gico, es una herencia que has recibido en tus c\u00e9lulas como un recurso de supervivencia y no est\u00e1 mal porque en su momento le sirvieron a tus ancestros para sobrevivir.<\/p>\n<p>Este taller esta basado en una poderosa pr\u00e1ctica corporal para sentir el cambio en nuestro cuerpo. Y a m\u00e1s de esta pr\u00e1ctica estaremos sumando herramientas de facilitaci\u00f3n de Access Consciousness para cambiar no solo la biolog\u00eda sino tambi\u00e9n las creencias y puntos de vista que est\u00e1n sosteniendo esto en tu mundo.<\/p>\n<p><strong>Jueves 12 de junio de 20h00 a 21h30 online (plataforma zoom)<\/strong><\/p>\n<p>Si est\u00e1s peleando constantemente con asuntos de dinero, para obtenerlo, para pagar, para tenerlo. Sin duda este taller es para ti.<\/p>\n<p>Te espero para transformar nuestros cuerpos.<\/p>\n<p>Con Cari\u00f1o .<\/p>\n<p>Juanjo<\/p>\n<p>CFMW de Access Consciousness<\/p>\n<p>Experto en PNI<\/p>","protected":false},"featured_media":52378,"comment_status":"open","ping_status":"closed","template":"","meta":{"_acf_changed":false,"pmpro_default_level":0},"product_cat":[111],"product_tag":[],"class_list":{"0":"post-52376","1":"product","2":"type-product","3":"status-publish","4":"has-post-thumbnail","6":"product_cat-eventos-realizados","7":"pmpro-has-access","8":"wcpa_has_options","10":"first","11":"instock","12":"virtual","13":"purchasable","14":"product-type-simple"},"acf":[],"yoast_head":"<!-- This site is optimized with the Yoast SEO plugin v22.2 - https:\/\/yoast.com\/wordpress\/plugins\/seo\/ -->\n<title>Herencia Transgeneracional - Juanjo Su\u00e1rez<\/title>\n<meta name=\"robots\" content=\"index, follow, max-snippet:-1, max-image-preview:large, max-video-preview:-1\" \/>\n<link rel=\"canonical\" href=\"https:\/\/juanjosuarez.life\/en\/producto\/herencia-transgeneracional\/\" \/>\n<meta property=\"og:locale\" content=\"en_GB\" \/>\n<meta property=\"og:type\" content=\"article\" \/>\n<meta property=\"og:title\" content=\"Herencia Transgeneracional - Juanjo Su\u00e1rez\" \/>\n<meta property=\"og:description\" content=\"Tu cuerpo tiene la llave para liberar muchos patrones que est\u00e1n guardados en tu ADN, no es una cuesti\u00f3n de mente, no es algo psicol\u00f3gico, es una herencia que has recibido en tus c\u00e9lulas como un recurso de supervivencia y no est\u00e1 mal porque en su momento le sirvieron a tus ancestros para sobrevivir.  Este taller esta basado en una poderosa pr\u00e1ctica corporal para sentir el cambio en nuestro cuerpo. Y a m\u00e1s de esta pr\u00e1ctica estaremos sumando herramientas de facilitaci\u00f3n de Access Consciousness para cambiar no solo la biolog\u00eda sino tambi\u00e9n las creencias y puntos de vista que est\u00e1n sosteniendo esto en tu mundo.  Jueves 12 de junio de 20h00 a 21h30 online (plataforma zoom)  Si est\u00e1s peleando constantemente con asuntos de dinero, para obtenerlo, para pagar, para tenerlo. Sin duda este taller es para ti.  Te espero para transformar nuestros cuerpos.  Con Cari\u00f1o .  Juanjo  CFMW de Access Consciousness  Experto en PNI\" \/>\n<meta property=\"og:url\" content=\"https:\/\/juanjosuarez.life\/en\/producto\/herencia-transgeneracional\/\" \/>\n<meta property=\"og:site_name\" content=\"Juanjo Su\u00e1rez\" \/>\n<meta property=\"article:modified_time\" content=\"2025-07-14T17:06:39+00:00\" \/>\n<meta property=\"og:image\" content=\"https:\/\/juanjosuarez.life\/wp-content\/uploads\/2025\/06\/trans1.png\" \/>\n\t<meta property=\"og:image:width\" content=\"313\" \/>\n\t<meta property=\"og:image:height\" content=\"238\" \/>\n\t<meta property=\"og:image:type\" content=\"image\/png\" \/>\n<meta name=\"twitter:card\" content=\"summary_large_image\" \/>\n<script type=\"application\/ld+json\" class=\"yoast-schema-graph\">{\"@context\":\"https:\/\/schema.org\",\"@graph\":[{\"@type\":\"WebPage\",\"@id\":\"https:\/\/juanjosuarez.life\/en\/producto\/herencia-transgeneracional\/\",\"url\":\"https:\/\/juanjosuarez.life\/en\/producto\/herencia-transgeneracional\/\",\"name\":\"Herencia Transgeneracional - Juanjo Su\u00e1rez\",\"isPartOf\":{\"@id\":\"https:\/\/juanjosuarez.life\/en\/#website\"},\"primaryImageOfPage\":{\"@id\":\"https:\/\/juanjosuarez.life\/en\/producto\/herencia-transgeneracional\/#primaryimage\"},\"image\":{\"@id\":\"https:\/\/juanjosuarez.life\/en\/producto\/herencia-transgeneracional\/#primaryimage\"},\"thumbnailUrl\":\"https:\/\/juanjosuarez.life\/wp-content\/uploads\/2025\/06\/trans1.png\",\"datePublished\":\"2025-06-07T23:57:35+00:00\",\"dateModified\":\"2025-07-14T17:06:39+00:00\",\"breadcrumb\":{\"@id\":\"https:\/\/juanjosuarez.life\/en\/producto\/herencia-transgeneracional\/#breadcrumb\"},\"inLanguage\":\"en-GB\",\"potentialAction\":[{\"@type\":\"ReadAction\",\"target\":[\"https:\/\/juanjosuarez.life\/en\/producto\/herencia-transgeneracional\/\"]}]},{\"@type\":\"ImageObject\",\"inLanguage\":\"en-GB\",\"@id\":\"https:\/\/juanjosuarez.life\/en\/producto\/herencia-transgeneracional\/#primaryimage\",\"url\":\"https:\/\/juanjosuarez.life\/wp-content\/uploads\/2025\/06\/trans1.png\",\"contentUrl\":\"https:\/\/juanjosuarez.life\/wp-content\/uploads\/2025\/06\/trans1.png\",\"width\":313,\"height\":238},{\"@type\":\"BreadcrumbList\",\"@id\":\"https:\/\/juanjosuarez.life\/en\/producto\/herencia-transgeneracional\/#breadcrumb\",\"itemListElement\":[{\"@type\":\"ListItem\",\"position\":1,\"name\":\"Juanjo Su\u00e1rez\",\"item\":\"https:\/\/juanjosuarez.life\/en\/\"},{\"@type\":\"ListItem\",\"position\":2,\"name\":\"Pr\u00f3ximos Eventos\",\"item\":\"https:\/\/juanjosuarez.life\/en\/proximo-evento\/\"},{\"@type\":\"ListItem\",\"position\":3,\"name\":\"Herencia Transgeneracional\"}]},{\"@type\":\"WebSite\",\"@id\":\"https:\/\/juanjosuarez.life\/en\/#website\",\"url\":\"https:\/\/juanjosuarez.life\/en\/\",\"name\":\"Juanjo Su\u00e1rez\",\"description\":\"Juan Jos\u00e9 Su\u00e1rez Vinueza, o Juanjo, como fui conocido desde mi infancia, nacido en Cuenca-Ecuador. Mi formaci\u00f3n me hacia pensar el cuerpo como la estructura que nos dirige. A los 33 a\u00f1os, entr\u00e9 en el camino del desarrollo personal, por una invitaci\u00f3n de la vida para corregir \u00e1reas de mi vida con las que no estaba conforme. Y pude descubrir que para recuperar tu salud, primero tienes que recuperarte a ti mismo. Fisioterapeuta de profesi\u00f3n, llevo ejerciendo desde el a\u00f1o 2007, tiempo en el que me he ido formado y capacitando para dar cada vez un mejor servicio a la comunidad.\",\"potentialAction\":[{\"@type\":\"SearchAction\",\"target\":{\"@type\":\"EntryPoint\",\"urlTemplate\":\"https:\/\/juanjosuarez.life\/en\/?s={search_term_string}\"},\"query-input\":\"required name=search_term_string\"}],\"inLanguage\":\"en-GB\"}]}<\/script>\n<!-- \/ Yoast SEO plugin. -->","yoast_head_json":{"title":"Herencia Transgeneracional - Juanjo Su\u00e1rez","robots":{"index":"index","follow":"follow","max-snippet":"max-snippet:-1","max-image-preview":"max-image-preview:large","max-video-preview":"max-video-preview:-1"},"canonical":"https:\/\/juanjosuarez.life\/en\/producto\/herencia-transgeneracional\/","og_locale":"en_GB","og_type":"article","og_title":"Herencia Transgeneracional - Juanjo Su\u00e1rez","og_description":"Tu cuerpo tiene la llave para liberar muchos patrones que est\u00e1n guardados en tu ADN, no es una cuesti\u00f3n de mente, no es algo psicol\u00f3gico, es una herencia que has recibido en tus c\u00e9lulas como un recurso de supervivencia y no est\u00e1 mal porque en su momento le sirvieron a tus ancestros para sobrevivir.  Este taller esta basado en una poderosa pr\u00e1ctica corporal para sentir el cambio en nuestro cuerpo. Y a m\u00e1s de esta pr\u00e1ctica estaremos sumando herramientas de facilitaci\u00f3n de Access Consciousness para cambiar no solo la biolog\u00eda sino tambi\u00e9n las creencias y puntos de vista que est\u00e1n sosteniendo esto en tu mundo.  Jueves 12 de junio de 20h00 a 21h30 online (plataforma zoom)  Si est\u00e1s peleando constantemente con asuntos de dinero, para obtenerlo, para pagar, para tenerlo. Sin duda este taller es para ti.  Te espero para transformar nuestros cuerpos.  Con Cari\u00f1o .  Juanjo  CFMW de Access Consciousness  Experto en PNI","og_url":"https:\/\/juanjosuarez.life\/en\/producto\/herencia-transgeneracional\/","og_site_name":"Juanjo Su\u00e1rez","article_modified_time":"2025-07-14T17:06:39+00:00","og_image":[{"width":313,"height":238,"url":"https:\/\/juanjosuarez.life\/wp-content\/uploads\/2025\/06\/trans1.png","type":"image\/png"}],"twitter_card":"summary_large_image","schema":{"@context":"https:\/\/schema.org","@graph":[{"@type":"WebPage","@id":"https:\/\/juanjosuarez.life\/en\/producto\/herencia-transgeneracional\/","url":"https:\/\/juanjosuarez.life\/en\/producto\/herencia-transgeneracional\/","name":"Herencia Transgeneracional - Juanjo Su\u00e1rez","isPartOf":{"@id":"https:\/\/juanjosuarez.life\/en\/#website"},"primaryImageOfPage":{"@id":"https:\/\/juanjosuarez.life\/en\/producto\/herencia-transgeneracional\/#primaryimage"},"image":{"@id":"https:\/\/juanjosuarez.life\/en\/producto\/herencia-transgeneracional\/#primaryimage"},"thumbnailUrl":"https:\/\/juanjosuarez.life\/wp-content\/uploads\/2025\/06\/trans1.png","datePublished":"2025-06-07T23:57:35+00:00","dateModified":"2025-07-14T17:06:39+00:00","breadcrumb":{"@id":"https:\/\/juanjosuarez.life\/en\/producto\/herencia-transgeneracional\/#breadcrumb"},"inLanguage":"en-GB","potentialAction":[{"@type":"ReadAction","target":["https:\/\/juanjosuarez.life\/en\/producto\/herencia-transgeneracional\/"]}]},{"@type":"ImageObject","inLanguage":"en-GB","@id":"https:\/\/juanjosuarez.life\/en\/producto\/herencia-transgeneracional\/#primaryimage","url":"https:\/\/juanjosuarez.life\/wp-content\/uploads\/2025\/06\/trans1.png","contentUrl":"https:\/\/juanjosuarez.life\/wp-content\/uploads\/2025\/06\/trans1.png","width":313,"height":238},{"@type":"BreadcrumbList","@id":"https:\/\/juanjosuarez.life\/en\/producto\/herencia-transgeneracional\/#breadcrumb","itemListElement":[{"@type":"ListItem","position":1,"name":"Juanjo Su\u00e1rez","item":"https:\/\/juanjosuarez.life\/en\/"},{"@type":"ListItem","position":2,"name":"Pr\u00f3ximos Eventos","item":"https:\/\/juanjosuarez.life\/en\/proximo-evento\/"},{"@type":"ListItem","position":3,"name":"Herencia Transgeneracional"}]},{"@type":"WebSite","@id":"https:\/\/juanjosuarez.life\/en\/#website","url":"https:\/\/juanjosuarez.life\/en\/","name":"Juanjo Su\u00e1rez","description":"Juan Jos\u00e9 Su\u00e1rez Vinueza, o Juanjo, como fui conocido desde mi infancia, nacido en Cuenca-Ecuador. Mi formaci\u00f3n me hacia pensar el cuerpo como la estructura que nos dirige. A los 33 a\u00f1os, entr\u00e9 en el camino del desarrollo personal, por una invitaci\u00f3n de la vida para corregir \u00e1reas de mi vida con las que no estaba conforme. Y pude descubrir que para recuperar tu salud, primero tienes que recuperarte a ti mismo. Fisioterapeuta de profesi\u00f3n, llevo ejerciendo desde el a\u00f1o 2007, tiempo en el que me he ido formado y capacitando para dar cada vez un mejor servicio a la comunidad.","potentialAction":[{"@type":"SearchAction","target":{"@type":"EntryPoint","urlTemplate":"https:\/\/juanjosuarez.life\/en\/?s={search_term_string}"},"query-input":"required name=search_term_string"}],"inLanguage":"en-GB"}]}},"_links":{"self":[{"href":"https:\/\/juanjosuarez.life\/en\/wp-json\/wp\/v2\/product\/52376","targetHints":{"allow":["GET"]}}],"collection":[{"href":"https:\/\/juanjosuarez.life\/en\/wp-json\/wp\/v2\/product"}],"about":[{"href":"https:\/\/juanjosuarez.life\/en\/wp-json\/wp\/v2\/types\/product"}],"replies":[{"embeddable":true,"href":"https:\/\/juanjosuarez.life\/en\/wp-json\/wp\/v2\/comments?post=52376"}],"version-history":[{"count":4,"href":"https:\/\/juanjosuarez.life\/en\/wp-json\/wp\/v2\/product\/52376\/revisions"}],"predecessor-version":[{"id":52386,"href":"https:\/\/juanjosuarez.life\/en\/wp-json\/wp\/v2\/product\/52376\/revisions\/52386"}],"wp:featuredmedia":[{"embeddable":true,"href":"https:\/\/juanjosuarez.life\/en\/wp-json\/wp\/v2\/media\/52378"}],"wp:attachment":[{"href":"https:\/\/juanjosuarez.life\/en\/wp-json\/wp\/v2\/media?parent=52376"}],"wp:term":[{"taxonomy":"product_cat","embeddable":true,"href":"https:\/\/juanjosuarez.life\/en\/wp-json\/wp\/v2\/product_cat?post=52376"},{"taxonomy":"product_tag","embeddable":true,"href":"https:\/\/juanjosuarez.life\/en\/wp-json\/wp\/v2\/product_tag?post=52376"}],"curies":[{"name":"wp","href":"https:\/\/api.w.org\/{rel}","templated":true}]}}