{"id":52456,"date":"2026-03-15T17:42:26","date_gmt":"2026-03-15T22:42:26","guid":{"rendered":"https:\/\/juanjosuarez.life\/?post_type=product&#038;p=52456"},"modified":"2026-03-15T17:48:48","modified_gmt":"2026-03-15T22:48:48","slug":"clase-de-barras-el-sendero","status":"publish","type":"product","link":"https:\/\/juanjosuarez.life\/en\/producto\/clase-de-barras-el-sendero\/","title":{"rendered":"Clase de Barras en el Sendero"},"content":{"rendered":"<p><strong>Barras en las monta\u00f1as es una clase de barras con la contribuci\u00f3n de la naturaleza<\/strong><\/p>\n<p>Las Barras son 32 puntos que tenemos en nuestra cabeza que al ser tocados con las manos, permite eliminar de tu cuerpo pensamientos, sentimientos y emociones \u00a0que no te permiten avanzar en tu vida.<\/p>\n<p>La Certificaci\u00f3n Internacional de Barras de Access Consciousness. es una clase de 1 d\u00eda, en las que vamos a trabajar con las herramientas de Access Consciousness y en la que aprender\u00e1s la t\u00e9cnica de las Barras.<br \/>\nDurante la clase vas a dar y recibir dos sesiones de barras.<\/p>\n<p><strong>Una vez que termine la clase podr\u00e1s ofrecer las sesiones como un servicio, ya que ser\u00e1s un BP (Bars Practitioner).<\/strong><br \/>\nTendr\u00e1s muchas herramientas que traigan m\u00e1s facilidad, gozo y gloria, a tu vida.<br \/>\nAcceder\u00e1s a los grupos de intercambios en todo el ecuador y el mundo.<\/p>\n<p><strong>\u00bfCuanto dura la clase?<\/strong><br \/>\nLa clase ser\u00e1 de 10h00 a 18h00<\/p>\n<p><strong>A m\u00e1s de todos estos beneficios la certificaci\u00f3n incluye.<\/strong><\/p>\n<ul>\n<li>Tu certificado como Bars Practitioner.<\/li>\n<li>Alimentaci\u00f3n.<\/li>\n<li>Manual con las herramientas.<\/li>\n<li>Instructivo para la sesi\u00f3n de barras.<\/li>\n<\/ul>\n<p><strong>Inversi\u00f3n<\/strong><\/p>\n<ul>\n<li>350,00 primera vez.<\/li>\n<li>175,00 repetici\u00f3n.<\/li>\n<\/ul>\n<p><strong>Detalles<\/strong><\/p>\n<ul>\n<li>La clase ser\u00e1 el d\u00eda domingo, 29 de marzo desde las 10h00.<\/li>\n<li>Esta clase es diferente, ya que a m\u00e1s de la certificaci\u00f3n, vamos a estar en conexi\u00f3n con la naturaleza, y tendremos un momento de conexi\u00f3n en el de ella en el Sendero Glamping (El Cajas)<\/li>\n<li>Ven con ropa abrigada ya que la temperatura suele bajar. (si deseas puedes traer un cambio de ropa por si acaso)<\/li>\n<\/ul>\n<p>Gracias por elegir m\u00e1s para tu vida. Te espero!<br \/>\nJuanjo Su\u00e1rez<\/p>\n<p>BF &#8211; CFMW &#8211; BPF<\/p>","protected":false},"excerpt":{"rendered":"<p><strong>Barras en las monta\u00f1as es una clase de barras con la contribuci\u00f3n de la naturaleza<\/strong><\/p>\n<p>Las Barras son 32 puntos que tenemos en nuestra cabeza que al ser tocados con las manos, permite eliminar de tu cuerpo pensamientos, sentimientos y emociones \u00a0que no te permiten avanzar en tu vida.<\/p>\n<p>La Certificaci\u00f3n Internacional de Barras de Access Consciousness. es una clase de 1 d\u00eda, en las que vamos a trabajar con algunas de las herramientas de Access Consciousness y en la que aprender\u00e1s la t\u00e9cnica de las Barras.<br \/>\nDurante la clase vas a dar y recibir dos sesiones de barras.<\/p>\n<p>Una vez que termine la clase podr\u00e1s ofrecer las sesiones como un servicio, ya que ser\u00e1s un BP (Bars Practitioner).<br \/>\nTendr\u00e1s muchas herramientas que traigan m\u00e1s facilidad, gozo y gloria, a tu vida.<br \/>\nAcceder\u00e1s a los grupos de intercambios en todo el ecuador y el mundo.<\/p>\n<p><strong>\u00bfCuanto dura la clase?<\/strong><br \/>\nLa clase ser\u00e1 de 10h00 a 18h00<\/p>\n<p><strong>A m\u00e1s de todos estos beneficios la certificaci\u00f3n incluye.<\/strong><\/p>\n<ul>\n<li>Tu certificado como Bars Practitioner.<\/li>\n<li>Coffee break y alimentaci\u00f3n.<\/li>\n<li>Manual con las herramientas.<\/li>\n<li>Instructivo para la sesi\u00f3n de barras.<\/li>\n<\/ul>\n<p><strong>Inversi\u00f3n<\/strong><\/p>\n<ul>\n<li>350,00 primera vez.<\/li>\n<li>175,00 repetici\u00f3n.<\/li>\n<\/ul>\n<p><strong>Detalles<\/strong><\/p>\n<ul>\n<li>La clase ser\u00e1 el d\u00eda domingo 29 de marzo desde las 10h00<\/li>\n<li>Esta clase es diferente, ya que a m\u00e1s de la certificaci\u00f3n, vamos a estar en conexi\u00f3n con la naturaleza, y vamos a recibir de ella en el Sendero Glamping (En el Cajas)<\/li>\n<li>Ven con ropa abrigada ya que la temperatura suele bajar. (si deseas puedes traer un cambio de ropa por si acaso)<\/li>\n<\/ul>\n<p>&nbsp;<\/p>\n<p>Gracias por elegir m\u00e1s para tu vida. Te espero!<br \/>\nJuanjo Su\u00e1rez<\/p>\n<p>BF &#8211; CFMW &#8211; BPF<\/p>","protected":false},"featured_media":52459,"comment_status":"open","ping_status":"closed","template":"","meta":{"_acf_changed":false,"pmpro_default_level":0},"product_cat":[114,110],"product_tag":[],"class_list":{"0":"post-52456","1":"product","2":"type-product","3":"status-publish","4":"has-post-thumbnail","6":"product_cat-presencial","7":"product_cat-proximos-eventos","8":"pmpro-has-access","9":"wcpa_has_options","11":"first","12":"instock","13":"shipping-taxable","14":"purchasable","15":"product-type-variable"},"acf":[],"yoast_head":"<!-- This site is optimized with the Yoast SEO plugin v22.2 - https:\/\/yoast.com\/wordpress\/plugins\/seo\/ -->\n<title>Clase de Barras en el Sendero - Juanjo Su\u00e1rez<\/title>\n<meta name=\"robots\" content=\"index, follow, max-snippet:-1, max-image-preview:large, max-video-preview:-1\" \/>\n<link rel=\"canonical\" href=\"https:\/\/juanjosuarez.life\/en\/producto\/clase-de-barras-el-sendero\/\" \/>\n<meta property=\"og:locale\" content=\"en_GB\" \/>\n<meta property=\"og:type\" content=\"article\" \/>\n<meta property=\"og:title\" content=\"Clase de Barras en el Sendero - Juanjo Su\u00e1rez\" \/>\n<meta property=\"og:description\" content=\"Barras en las monta\u00f1as es una clase de barras con la contribuci\u00f3n de la naturaleza  Las Barras son 32 puntos que tenemos en nuestra cabeza que al ser tocados con las manos, permite eliminar de tu cuerpo pensamientos, sentimientos y emociones \u00a0que no te permiten avanzar en tu vida.  La Certificaci\u00f3n Internacional de Barras de Access Consciousness. es una clase de 1 d\u00eda, en las que vamos a trabajar con algunas de las herramientas de Access Consciousness y en la que aprender\u00e1s la t\u00e9cnica de las Barras. Durante la clase vas a dar y recibir dos sesiones de barras.  Una vez que termine la clase podr\u00e1s ofrecer las sesiones como un servicio, ya que ser\u00e1s un BP (Bars Practitioner). Tendr\u00e1s muchas herramientas que traigan m\u00e1s facilidad, gozo y gloria, a tu vida. Acceder\u00e1s a los grupos de intercambios en todo el ecuador y el mundo.  \u00bfCuanto dura la clase? La clase ser\u00e1 de 10h00 a 18h00  A m\u00e1s de todos estos beneficios la certificaci\u00f3n incluye.   Tu certificado como Bars Practitioner.  Coffee break y alimentaci\u00f3n.  Manual con las herramientas.  Instructivo para la sesi\u00f3n de barras.  Inversi\u00f3n   350,00 primera vez.  175,00 repetici\u00f3n.  Detalles   La clase ser\u00e1 el d\u00eda domingo 29 de marzo desde las 10h00  Esta clase es diferente, ya que a m\u00e1s de la certificaci\u00f3n, vamos a estar en conexi\u00f3n con la naturaleza, y vamos a recibir de ella en el Sendero Glamping (En el Cajas)  Ven con ropa abrigada ya que la temperatura suele bajar. (si deseas puedes traer un cambio de ropa por si acaso)  &nbsp;  Gracias por elegir m\u00e1s para tu vida. Te espero! Juanjo Su\u00e1rez  BF - CFMW - BPF\" \/>\n<meta property=\"og:url\" content=\"https:\/\/juanjosuarez.life\/en\/producto\/clase-de-barras-el-sendero\/\" \/>\n<meta property=\"og:site_name\" content=\"Juanjo Su\u00e1rez\" \/>\n<meta property=\"article:modified_time\" content=\"2026-03-15T22:48:48+00:00\" \/>\n<meta property=\"og:image\" content=\"https:\/\/juanjosuarez.life\/wp-content\/uploads\/2026\/03\/Historias-576x1024.png\" \/>\n\t<meta property=\"og:image:width\" content=\"576\" \/>\n\t<meta property=\"og:image:height\" content=\"1024\" \/>\n\t<meta property=\"og:image:type\" content=\"image\/png\" \/>\n<meta name=\"twitter:card\" content=\"summary_large_image\" \/>\n<script type=\"application\/ld+json\" class=\"yoast-schema-graph\">{\"@context\":\"https:\/\/schema.org\",\"@graph\":[{\"@type\":\"WebPage\",\"@id\":\"https:\/\/juanjosuarez.life\/en\/producto\/clase-de-barras-el-sendero\/\",\"url\":\"https:\/\/juanjosuarez.life\/en\/producto\/clase-de-barras-el-sendero\/\",\"name\":\"Clase de Barras en el Sendero - Juanjo Su\u00e1rez\",\"isPartOf\":{\"@id\":\"https:\/\/juanjosuarez.life\/en\/#website\"},\"primaryImageOfPage\":{\"@id\":\"https:\/\/juanjosuarez.life\/en\/producto\/clase-de-barras-el-sendero\/#primaryimage\"},\"image\":{\"@id\":\"https:\/\/juanjosuarez.life\/en\/producto\/clase-de-barras-el-sendero\/#primaryimage\"},\"thumbnailUrl\":\"https:\/\/juanjosuarez.life\/wp-content\/uploads\/2026\/03\/Historias.png\",\"datePublished\":\"2026-03-15T22:42:26+00:00\",\"dateModified\":\"2026-03-15T22:48:48+00:00\",\"breadcrumb\":{\"@id\":\"https:\/\/juanjosuarez.life\/en\/producto\/clase-de-barras-el-sendero\/#breadcrumb\"},\"inLanguage\":\"en-GB\",\"potentialAction\":[{\"@type\":\"ReadAction\",\"target\":[\"https:\/\/juanjosuarez.life\/en\/producto\/clase-de-barras-el-sendero\/\"]}]},{\"@type\":\"ImageObject\",\"inLanguage\":\"en-GB\",\"@id\":\"https:\/\/juanjosuarez.life\/en\/producto\/clase-de-barras-el-sendero\/#primaryimage\",\"url\":\"https:\/\/juanjosuarez.life\/wp-content\/uploads\/2026\/03\/Historias.png\",\"contentUrl\":\"https:\/\/juanjosuarez.life\/wp-content\/uploads\/2026\/03\/Historias.png\",\"width\":1080,\"height\":1920},{\"@type\":\"BreadcrumbList\",\"@id\":\"https:\/\/juanjosuarez.life\/en\/producto\/clase-de-barras-el-sendero\/#breadcrumb\",\"itemListElement\":[{\"@type\":\"ListItem\",\"position\":1,\"name\":\"Juanjo Su\u00e1rez\",\"item\":\"https:\/\/juanjosuarez.life\/en\/\"},{\"@type\":\"ListItem\",\"position\":2,\"name\":\"Pr\u00f3ximos Eventos\",\"item\":\"https:\/\/juanjosuarez.life\/en\/proximo-evento\/\"},{\"@type\":\"ListItem\",\"position\":3,\"name\":\"Clase de Barras en el Sendero\"}]},{\"@type\":\"WebSite\",\"@id\":\"https:\/\/juanjosuarez.life\/en\/#website\",\"url\":\"https:\/\/juanjosuarez.life\/en\/\",\"name\":\"Juanjo Su\u00e1rez\",\"description\":\"Juan Jos\u00e9 Su\u00e1rez Vinueza, o Juanjo, como fui conocido desde mi infancia, nacido en Cuenca-Ecuador. Mi formaci\u00f3n me hacia pensar el cuerpo como la estructura que nos dirige. A los 33 a\u00f1os, entr\u00e9 en el camino del desarrollo personal, por una invitaci\u00f3n de la vida para corregir \u00e1reas de mi vida con las que no estaba conforme. Y pude descubrir que para recuperar tu salud, primero tienes que recuperarte a ti mismo. Fisioterapeuta de profesi\u00f3n, llevo ejerciendo desde el a\u00f1o 2007, tiempo en el que me he ido formado y capacitando para dar cada vez un mejor servicio a la comunidad.\",\"potentialAction\":[{\"@type\":\"SearchAction\",\"target\":{\"@type\":\"EntryPoint\",\"urlTemplate\":\"https:\/\/juanjosuarez.life\/en\/?s={search_term_string}\"},\"query-input\":\"required name=search_term_string\"}],\"inLanguage\":\"en-GB\"}]}<\/script>\n<!-- \/ Yoast SEO plugin. -->","yoast_head_json":{"title":"Clase de Barras en el Sendero - Juanjo Su\u00e1rez","robots":{"index":"index","follow":"follow","max-snippet":"max-snippet:-1","max-image-preview":"max-image-preview:large","max-video-preview":"max-video-preview:-1"},"canonical":"https:\/\/juanjosuarez.life\/en\/producto\/clase-de-barras-el-sendero\/","og_locale":"en_GB","og_type":"article","og_title":"Clase de Barras en el Sendero - Juanjo Su\u00e1rez","og_description":"Barras en las monta\u00f1as es una clase de barras con la contribuci\u00f3n de la naturaleza  Las Barras son 32 puntos que tenemos en nuestra cabeza que al ser tocados con las manos, permite eliminar de tu cuerpo pensamientos, sentimientos y emociones \u00a0que no te permiten avanzar en tu vida.  La Certificaci\u00f3n Internacional de Barras de Access Consciousness. es una clase de 1 d\u00eda, en las que vamos a trabajar con algunas de las herramientas de Access Consciousness y en la que aprender\u00e1s la t\u00e9cnica de las Barras. Durante la clase vas a dar y recibir dos sesiones de barras.  Una vez que termine la clase podr\u00e1s ofrecer las sesiones como un servicio, ya que ser\u00e1s un BP (Bars Practitioner). Tendr\u00e1s muchas herramientas que traigan m\u00e1s facilidad, gozo y gloria, a tu vida. Acceder\u00e1s a los grupos de intercambios en todo el ecuador y el mundo.  \u00bfCuanto dura la clase? La clase ser\u00e1 de 10h00 a 18h00  A m\u00e1s de todos estos beneficios la certificaci\u00f3n incluye.   Tu certificado como Bars Practitioner.  Coffee break y alimentaci\u00f3n.  Manual con las herramientas.  Instructivo para la sesi\u00f3n de barras.  Inversi\u00f3n   350,00 primera vez.  175,00 repetici\u00f3n.  Detalles   La clase ser\u00e1 el d\u00eda domingo 29 de marzo desde las 10h00  Esta clase es diferente, ya que a m\u00e1s de la certificaci\u00f3n, vamos a estar en conexi\u00f3n con la naturaleza, y vamos a recibir de ella en el Sendero Glamping (En el Cajas)  Ven con ropa abrigada ya que la temperatura suele bajar. (si deseas puedes traer un cambio de ropa por si acaso)  &nbsp;  Gracias por elegir m\u00e1s para tu vida. Te espero! Juanjo Su\u00e1rez  BF - CFMW - BPF","og_url":"https:\/\/juanjosuarez.life\/en\/producto\/clase-de-barras-el-sendero\/","og_site_name":"Juanjo Su\u00e1rez","article_modified_time":"2026-03-15T22:48:48+00:00","og_image":[{"width":576,"height":1024,"url":"https:\/\/juanjosuarez.life\/wp-content\/uploads\/2026\/03\/Historias-576x1024.png","type":"image\/png"}],"twitter_card":"summary_large_image","schema":{"@context":"https:\/\/schema.org","@graph":[{"@type":"WebPage","@id":"https:\/\/juanjosuarez.life\/en\/producto\/clase-de-barras-el-sendero\/","url":"https:\/\/juanjosuarez.life\/en\/producto\/clase-de-barras-el-sendero\/","name":"Clase de Barras en el Sendero - Juanjo Su\u00e1rez","isPartOf":{"@id":"https:\/\/juanjosuarez.life\/en\/#website"},"primaryImageOfPage":{"@id":"https:\/\/juanjosuarez.life\/en\/producto\/clase-de-barras-el-sendero\/#primaryimage"},"image":{"@id":"https:\/\/juanjosuarez.life\/en\/producto\/clase-de-barras-el-sendero\/#primaryimage"},"thumbnailUrl":"https:\/\/juanjosuarez.life\/wp-content\/uploads\/2026\/03\/Historias.png","datePublished":"2026-03-15T22:42:26+00:00","dateModified":"2026-03-15T22:48:48+00:00","breadcrumb":{"@id":"https:\/\/juanjosuarez.life\/en\/producto\/clase-de-barras-el-sendero\/#breadcrumb"},"inLanguage":"en-GB","potentialAction":[{"@type":"ReadAction","target":["https:\/\/juanjosuarez.life\/en\/producto\/clase-de-barras-el-sendero\/"]}]},{"@type":"ImageObject","inLanguage":"en-GB","@id":"https:\/\/juanjosuarez.life\/en\/producto\/clase-de-barras-el-sendero\/#primaryimage","url":"https:\/\/juanjosuarez.life\/wp-content\/uploads\/2026\/03\/Historias.png","contentUrl":"https:\/\/juanjosuarez.life\/wp-content\/uploads\/2026\/03\/Historias.png","width":1080,"height":1920},{"@type":"BreadcrumbList","@id":"https:\/\/juanjosuarez.life\/en\/producto\/clase-de-barras-el-sendero\/#breadcrumb","itemListElement":[{"@type":"ListItem","position":1,"name":"Juanjo Su\u00e1rez","item":"https:\/\/juanjosuarez.life\/en\/"},{"@type":"ListItem","position":2,"name":"Pr\u00f3ximos Eventos","item":"https:\/\/juanjosuarez.life\/en\/proximo-evento\/"},{"@type":"ListItem","position":3,"name":"Clase de Barras en el Sendero"}]},{"@type":"WebSite","@id":"https:\/\/juanjosuarez.life\/en\/#website","url":"https:\/\/juanjosuarez.life\/en\/","name":"Juanjo Su\u00e1rez","description":"Juan Jos\u00e9 Su\u00e1rez Vinueza, o Juanjo, como fui conocido desde mi infancia, nacido en Cuenca-Ecuador. Mi formaci\u00f3n me hacia pensar el cuerpo como la estructura que nos dirige. A los 33 a\u00f1os, entr\u00e9 en el camino del desarrollo personal, por una invitaci\u00f3n de la vida para corregir \u00e1reas de mi vida con las que no estaba conforme. Y pude descubrir que para recuperar tu salud, primero tienes que recuperarte a ti mismo. Fisioterapeuta de profesi\u00f3n, llevo ejerciendo desde el a\u00f1o 2007, tiempo en el que me he ido formado y capacitando para dar cada vez un mejor servicio a la comunidad.","potentialAction":[{"@type":"SearchAction","target":{"@type":"EntryPoint","urlTemplate":"https:\/\/juanjosuarez.life\/en\/?s={search_term_string}"},"query-input":"required name=search_term_string"}],"inLanguage":"en-GB"}]}},"_links":{"self":[{"href":"https:\/\/juanjosuarez.life\/en\/wp-json\/wp\/v2\/product\/52456","targetHints":{"allow":["GET"]}}],"collection":[{"href":"https:\/\/juanjosuarez.life\/en\/wp-json\/wp\/v2\/product"}],"about":[{"href":"https:\/\/juanjosuarez.life\/en\/wp-json\/wp\/v2\/types\/product"}],"replies":[{"embeddable":true,"href":"https:\/\/juanjosuarez.life\/en\/wp-json\/wp\/v2\/comments?post=52456"}],"version-history":[{"count":1,"href":"https:\/\/juanjosuarez.life\/en\/wp-json\/wp\/v2\/product\/52456\/revisions"}],"predecessor-version":[{"id":52460,"href":"https:\/\/juanjosuarez.life\/en\/wp-json\/wp\/v2\/product\/52456\/revisions\/52460"}],"wp:featuredmedia":[{"embeddable":true,"href":"https:\/\/juanjosuarez.life\/en\/wp-json\/wp\/v2\/media\/52459"}],"wp:attachment":[{"href":"https:\/\/juanjosuarez.life\/en\/wp-json\/wp\/v2\/media?parent=52456"}],"wp:term":[{"taxonomy":"product_cat","embeddable":true,"href":"https:\/\/juanjosuarez.life\/en\/wp-json\/wp\/v2\/product_cat?post=52456"},{"taxonomy":"product_tag","embeddable":true,"href":"https:\/\/juanjosuarez.life\/en\/wp-json\/wp\/v2\/product_tag?post=52456"}],"curies":[{"name":"wp","href":"https:\/\/api.w.org\/{rel}","templated":true}]}}